{"id":6,"date":"2023-10-03T18:08:10","date_gmt":"2023-10-03T16:08:10","guid":{"rendered":"http:\/\/www.geyer-genealogie.com\/uk\/?page_id=6"},"modified":"2025-05-19T12:38:59","modified_gmt":"2025-05-19T10:38:59","slug":"about-me","status":"publish","type":"page","link":"https:\/\/www.geyer-genealogie.com\/uk\/index.php\/about-me\/","title":{"rendered":"About me"},"content":{"rendered":"\n<div class=\"wp-block-media-text is-stacked-on-mobile\" style=\"grid-template-columns:24% auto\"><figure class=\"wp-block-media-text__media\"><img decoding=\"async\" src=\"http:\/\/www.geyer-genealogie.fr\/wp-content\/uploads\/2023\/09\/photo-ID-noeud-papillon.jpg\" alt=\"\" class=\"wp-image-116 size-full\"\/><\/figure><div class=\"wp-block-media-text__content\">\n<div class=\"wp-block-kenta-blocks-paragraph kb-paragraph kb-paragraph-26010b8b\"><p class=\"\">I&#8217;ve been passionate about genealogy for over 20 years, and I graduated in June 2022 from the University of Le Mans with a degree in &#8220;<em>History and Family Genealogy<\/em>&#8220;, with first-class honors. The combination of these two experiences has enabled me to acquire the methods, rigor and perseverance needed to work as a professional genealogist. I enjoy undertaking research and solving puzzles.<br>I&#8217;m a member of the <a href=\"http:\/\/www.sygene.fr\">SYGENE<\/a> chamber of professional genealogists,<em> L&#8217;alliance des g\u00e9n\u00e9alogistes professionnels<\/em> (formerly Chambre syndicale des g\u00e9n\u00e9alogistes et h\u00e9raldistes de France, CSGHF). I apply the rules of professional ethics and confidentiality laid down by my chamber.<br>Based in Strasbourg, I can easily travel to communes in the region to consult deeds in town halls or clues in cemeteries. What&#8217;s more, I speak Alsatian and am fluent in the various deeds (civil status, notarial, registration, land registry, etc.) drawn up in dialect and German during the periods of annexation (1871-1918) and occupation during the Second World War. <\/p><\/div>\n<\/div><\/div>\n\n\n\n<h2 class=\"wp-block-heading\">Michel FLOUCAUD de LA P\u00c9NARDILLE Prize 2023 Edition<\/h2>\n\n\n\n<div class=\"wp-block-media-text is-stacked-on-mobile\" style=\"grid-template-columns:30% auto\"><figure class=\"wp-block-media-text__media\"><img loading=\"lazy\" decoding=\"async\" width=\"300\" height=\"236\" src=\"https:\/\/www.geyer-genealogie.com\/uk\/wp-content\/uploads\/2023\/10\/vignette-2eme-prix-2023.jpg\" alt=\"Prix Michel FLOUCAUD de LA P\u00c9NARDILLE 2023\" class=\"wp-image-129 size-full\"\/><\/figure><div class=\"wp-block-media-text__content\">\n<div class=\"wp-block-kenta-blocks-paragraph kb-paragraph kb-paragraph-6c3c6632\"><p class=\"\">On October 27, 2023, the awards for the Prix Michel FLOUCAUD de LA P\u00c9NARDILLE 2023, presented by the association &#8220;La France G\u00e9n\u00e9alogique &#8211; CEGF&#8221;, were handed out. I was honored to receive 2nd prize for my monograph &#8220;Une lign\u00e9e de Geyer, modestes figures de l&#8217;histoire alsacienne de 1700 \u00e0 1965&#8221; (<em>A line of Geyers, modest figures in Alsatian history from 1700 to 1965<\/em>). <\/p><\/div>\n<\/div><\/div>\n\n\n\n<p><\/p>\n","protected":false},"excerpt":{"rendered":"<p>Michel FLOUCAUD de LA P\u00c9NARDILLE Prize 2023 Edition<\/p>\n","protected":false},"author":2,"featured_media":0,"parent":0,"menu_order":0,"comment_status":"closed","ping_status":"closed","template":"","meta":{"site-container-style":"default","site-container-layout":"default","site-sidebar-layout":"default","site-transparent-header":"default","prose-style":"enable","disable-article-header":"default","disable-site-header":"default","disable-site-footer":"default","disable-content-area-spacing":"default","footnotes":""},"class_list":["post-6","page","type-page","status-publish","hentry"],"yoast_head":"<!-- This site is optimized with the Yoast SEO plugin v22.3 - https:\/\/yoast.com\/wordpress\/plugins\/seo\/ -->\n<title>About me - Geyer G\u00e9n\u00e9alogie<\/title>\n<meta name=\"robots\" content=\"index, follow, max-snippet:-1, max-image-preview:large, max-video-preview:-1\" \/>\n<link rel=\"canonical\" href=\"https:\/\/www.geyer-genealogie.com\/uk\/index.php\/about-me\/\" \/>\n<meta property=\"og:locale\" content=\"en_US\" \/>\n<meta property=\"og:type\" content=\"article\" \/>\n<meta property=\"og:title\" content=\"About me - Geyer G\u00e9n\u00e9alogie\" \/>\n<meta property=\"og:description\" content=\"Michel FLOUCAUD de LA P\u00c9NARDILLE Prize 2023 Edition\" \/>\n<meta property=\"og:url\" content=\"https:\/\/www.geyer-genealogie.com\/uk\/index.php\/about-me\/\" \/>\n<meta property=\"og:site_name\" content=\"Geyer G\u00e9n\u00e9alogie\" \/>\n<meta property=\"article:modified_time\" content=\"2025-05-19T10:38:59+00:00\" \/>\n<meta property=\"og:image\" content=\"http:\/\/www.geyer-genealogie.fr\/wp-content\/uploads\/2023\/09\/photo-ID-noeud-papillon.jpg\" \/>\n<meta name=\"twitter:card\" content=\"summary_large_image\" \/>\n<meta name=\"twitter:label1\" content=\"Est. reading time\" \/>\n\t<meta name=\"twitter:data1\" content=\"2 minutes\" \/>\n<script type=\"application\/ld+json\" class=\"yoast-schema-graph\">{\"@context\":\"https:\/\/schema.org\",\"@graph\":[{\"@type\":\"WebPage\",\"@id\":\"https:\/\/www.geyer-genealogie.com\/uk\/index.php\/about-me\/\",\"url\":\"https:\/\/www.geyer-genealogie.com\/uk\/index.php\/about-me\/\",\"name\":\"About me - Geyer G\u00e9n\u00e9alogie\",\"isPartOf\":{\"@id\":\"https:\/\/www.geyer-genealogie.com\/uk\/#website\"},\"primaryImageOfPage\":{\"@id\":\"https:\/\/www.geyer-genealogie.com\/uk\/index.php\/about-me\/#primaryimage\"},\"image\":{\"@id\":\"https:\/\/www.geyer-genealogie.com\/uk\/index.php\/about-me\/#primaryimage\"},\"thumbnailUrl\":\"http:\/\/www.geyer-genealogie.fr\/wp-content\/uploads\/2023\/09\/photo-ID-noeud-papillon.jpg\",\"datePublished\":\"2023-10-03T16:08:10+00:00\",\"dateModified\":\"2025-05-19T10:38:59+00:00\",\"inLanguage\":\"en-US\",\"potentialAction\":[{\"@type\":\"ReadAction\",\"target\":[\"https:\/\/www.geyer-genealogie.com\/uk\/index.php\/about-me\/\"]}]},{\"@type\":\"ImageObject\",\"inLanguage\":\"en-US\",\"@id\":\"https:\/\/www.geyer-genealogie.com\/uk\/index.php\/about-me\/#primaryimage\",\"url\":\"http:\/\/www.geyer-genealogie.fr\/wp-content\/uploads\/2023\/09\/photo-ID-noeud-papillon.jpg\",\"contentUrl\":\"http:\/\/www.geyer-genealogie.fr\/wp-content\/uploads\/2023\/09\/photo-ID-noeud-papillon.jpg\"},{\"@type\":\"WebSite\",\"@id\":\"https:\/\/www.geyer-genealogie.com\/uk\/#website\",\"url\":\"https:\/\/www.geyer-genealogie.com\/uk\/\",\"name\":\"Geyer G\u00e9n\u00e9alogie\",\"description\":\"Genealogy in Alsace-Lorraine and France\",\"potentialAction\":[{\"@type\":\"SearchAction\",\"target\":{\"@type\":\"EntryPoint\",\"urlTemplate\":\"https:\/\/www.geyer-genealogie.com\/uk\/?s={search_term_string}\"},\"query-input\":\"required name=search_term_string\"}],\"inLanguage\":\"en-US\"}]}<\/script>\n<!-- \/ Yoast SEO plugin. -->","yoast_head_json":{"title":"About me - Geyer G\u00e9n\u00e9alogie","robots":{"index":"index","follow":"follow","max-snippet":"max-snippet:-1","max-image-preview":"max-image-preview:large","max-video-preview":"max-video-preview:-1"},"canonical":"https:\/\/www.geyer-genealogie.com\/uk\/index.php\/about-me\/","og_locale":"en_US","og_type":"article","og_title":"About me - Geyer G\u00e9n\u00e9alogie","og_description":"Michel FLOUCAUD de LA P\u00c9NARDILLE Prize 2023 Edition","og_url":"https:\/\/www.geyer-genealogie.com\/uk\/index.php\/about-me\/","og_site_name":"Geyer G\u00e9n\u00e9alogie","article_modified_time":"2025-05-19T10:38:59+00:00","og_image":[{"url":"http:\/\/www.geyer-genealogie.fr\/wp-content\/uploads\/2023\/09\/photo-ID-noeud-papillon.jpg"}],"twitter_card":"summary_large_image","twitter_misc":{"Est. reading time":"2 minutes"},"schema":{"@context":"https:\/\/schema.org","@graph":[{"@type":"WebPage","@id":"https:\/\/www.geyer-genealogie.com\/uk\/index.php\/about-me\/","url":"https:\/\/www.geyer-genealogie.com\/uk\/index.php\/about-me\/","name":"About me - Geyer G\u00e9n\u00e9alogie","isPartOf":{"@id":"https:\/\/www.geyer-genealogie.com\/uk\/#website"},"primaryImageOfPage":{"@id":"https:\/\/www.geyer-genealogie.com\/uk\/index.php\/about-me\/#primaryimage"},"image":{"@id":"https:\/\/www.geyer-genealogie.com\/uk\/index.php\/about-me\/#primaryimage"},"thumbnailUrl":"http:\/\/www.geyer-genealogie.fr\/wp-content\/uploads\/2023\/09\/photo-ID-noeud-papillon.jpg","datePublished":"2023-10-03T16:08:10+00:00","dateModified":"2025-05-19T10:38:59+00:00","inLanguage":"en-US","potentialAction":[{"@type":"ReadAction","target":["https:\/\/www.geyer-genealogie.com\/uk\/index.php\/about-me\/"]}]},{"@type":"ImageObject","inLanguage":"en-US","@id":"https:\/\/www.geyer-genealogie.com\/uk\/index.php\/about-me\/#primaryimage","url":"http:\/\/www.geyer-genealogie.fr\/wp-content\/uploads\/2023\/09\/photo-ID-noeud-papillon.jpg","contentUrl":"http:\/\/www.geyer-genealogie.fr\/wp-content\/uploads\/2023\/09\/photo-ID-noeud-papillon.jpg"},{"@type":"WebSite","@id":"https:\/\/www.geyer-genealogie.com\/uk\/#website","url":"https:\/\/www.geyer-genealogie.com\/uk\/","name":"Geyer G\u00e9n\u00e9alogie","description":"Genealogy in Alsace-Lorraine and France","potentialAction":[{"@type":"SearchAction","target":{"@type":"EntryPoint","urlTemplate":"https:\/\/www.geyer-genealogie.com\/uk\/?s={search_term_string}"},"query-input":"required name=search_term_string"}],"inLanguage":"en-US"}]}},"_links":{"self":[{"href":"https:\/\/www.geyer-genealogie.com\/uk\/index.php\/wp-json\/wp\/v2\/pages\/6","targetHints":{"allow":["GET"]}}],"collection":[{"href":"https:\/\/www.geyer-genealogie.com\/uk\/index.php\/wp-json\/wp\/v2\/pages"}],"about":[{"href":"https:\/\/www.geyer-genealogie.com\/uk\/index.php\/wp-json\/wp\/v2\/types\/page"}],"author":[{"embeddable":true,"href":"https:\/\/www.geyer-genealogie.com\/uk\/index.php\/wp-json\/wp\/v2\/users\/2"}],"replies":[{"embeddable":true,"href":"https:\/\/www.geyer-genealogie.com\/uk\/index.php\/wp-json\/wp\/v2\/comments?post=6"}],"version-history":[{"count":7,"href":"https:\/\/www.geyer-genealogie.com\/uk\/index.php\/wp-json\/wp\/v2\/pages\/6\/revisions"}],"predecessor-version":[{"id":830,"href":"https:\/\/www.geyer-genealogie.com\/uk\/index.php\/wp-json\/wp\/v2\/pages\/6\/revisions\/830"}],"wp:attachment":[{"href":"https:\/\/www.geyer-genealogie.com\/uk\/index.php\/wp-json\/wp\/v2\/media?parent=6"}],"curies":[{"name":"wp","href":"https:\/\/api.w.org\/{rel}","templated":true}]}}