{"id":63,"date":"2023-10-03T14:42:17","date_gmt":"2023-10-03T12:42:17","guid":{"rendered":"http:\/\/www.geyer-genealogie.com\/uk\/?page_id=63"},"modified":"2023-12-13T12:25:13","modified_gmt":"2023-12-13T11:25:13","slug":"making-an-ancient-text-speak","status":"publish","type":"page","link":"https:\/\/www.geyer-genealogie.com\/uk\/index.php\/making-an-ancient-text-speak\/","title":{"rendered":"Making an ancient text speak"},"content":{"rendered":"\n<div class=\"wp-block-kenta-blocks-paragraph kb-paragraph kb-paragraph-9b21c76f\"><p class=\"\">In Alsace, as in other regions, genealogical research sometimes comes up against linguistic problems. For example, Protestant parish registers were written in dialect, and civil status records during the periods of annexation (1870-1918) and occupation during the Second World War were written in German. They are not always easy to decipher, as the following two examples show.<\/p><\/div>\n\n\n\n<div class=\"wp-block-kenta-blocks-section kb-section-5459305f kb-section\">\n<div class=\"wp-block-kenta-blocks-column kb-column-wrapper kb-column-wrapper-2492df81\"><div class=\"kb-column kb-column-2492df81\"><div class=\"kb-column-content\">\n<figure class=\"wp-block-kenta-blocks-image kb-image kb-image-46f60426\"><img decoding=\"async\" src=\"http:\/\/www.geyer-genealogie.fr\/wp-content\/uploads\/2023\/09\/extrait-acte-de-naissance-shadow.png\" alt=\"\"\/><\/figure>\n<\/div><\/div><\/div>\n\n\n\n<div class=\"wp-block-kenta-blocks-column kb-column-wrapper kb-column-wrapper-543743bf\"><div class=\"kb-column kb-column-543743bf\"><div class=\"kb-column-content\">\n<div class=\"wp-block-kenta-blocks-paragraph kb-paragraph kb-paragraph-4110a09e\"><p class=\"\">This record, written in \u201c<em>Deutsche Kurrentschrift<\/em>\u201d, registers the birth of Karl (Charles) Metzger, son of day laborer Andreas (Andr\u00e9) Metzger, living in Koenigshofen no. 137, of evangelical religion, and his wife, Anna, n\u00e9e Geyer, of evangelical religion, born on July 27, 1895. The oblique notation in the margin states that he died on September 27, 1895.<\/p><\/div>\n\n\n\n<div class=\"wp-block-kenta-blocks-paragraph kb-paragraph kb-paragraph-c9568232\"><p class=\"\">Source: Archives d&#8217;Alsace, Strasbourg site, Strasbourg birth register, 1895, document number<br> 4E482\/267.<\/p><\/div>\n\n\n\n<p><\/p>\n<\/div><\/div><\/div>\n<\/div>\n\n\n\n<div class=\"wp-block-kenta-blocks-paragraph kb-paragraph kb-paragraph-86132d88\"><p class=\"\">The second example, a notarial deed dating from 1790, is taken from an after-death inventory that is rich in genealogical information, as it gives us the list of the deceased&#8217;s living children, who inherit from their father, as well as the name of their guardian, Michel Frion, a citizen of Niedersoultzbach, who takes charge of these children as their mother has already died.<\/p><\/div>\n\n\n\n<div class=\"wp-block-kenta-blocks-section kb-section-f02afe0b kb-section\">\n<div class=\"wp-block-kenta-blocks-column kb-column-wrapper kb-column-wrapper-54e17ef9\"><div class=\"kb-column kb-column-54e17ef9\"><div class=\"kb-column-content\">\n<figure class=\"wp-block-kenta-blocks-image kb-image kb-image-7c5c43d0\"><img decoding=\"async\" src=\"http:\/\/www.geyer-genealogie.fr\/wp-content\/uploads\/2023\/09\/extrait-inventaire-apres-deces-shadow.png\" alt=\"\"\/><\/figure>\n\n\n\n<div class=\"wp-block-kenta-blocks-paragraph kb-paragraph kb-paragraph-0e3777e3\"><p class=\"\">Extract from the post-death inventory of Jakob Geiger and Maria Magdalena Frionin, drawn up on November 10, 1790 in Obersoultzbach (Bas-Rhin).<br>Source: Archives d&#8217;Alsace &#8211; Strasbourg site, document number6E17\/61, deed no. 104.<\/p><\/div>\n<\/div><\/div><\/div>\n\n\n\n<div class=\"wp-block-kenta-blocks-column kb-column-wrapper kb-column-wrapper-792ad61e\"><div class=\"kb-column kb-column-792ad61e\"><div class=\"kb-column-content\">\n<p><strong>Transcription in contemporary German:<\/strong><br>[1] Dergleichen sind vorhanden zur V\u00e4terlichen<br>[2] Erbschaft und 2 Terzen der Errungenschaft<br>[3] 1. Georg Geiger 22<br>[4] 2. Michel der 21 Jar alt<br>[5] <s>und<\/s><br>[6] 3. Andres Geiger so 14<br>[7] und<br>[8] 4. Katarina Geiger welche 8<br>[9] Die Mutter und eine Terz der Errungen-<br>[10] schaft erben gleichfals diese 4 Erben, f\u00fcr welche<br>[11] sich Michel Frion der B\u00fcrger von Nieder-<br>[12] sulzbach als Vogt darstettet und zu Sicherheit<br>[13] des in Verwaltung bekommenden Verm\u00f6gens<br>[14] das seinige Verpf\u00e4ndet<\/p>\n<\/div><\/div><\/div>\n\n\n\n<div class=\"wp-block-kenta-blocks-column kb-column-wrapper kb-column-wrapper-62d43886\"><div class=\"kb-column kb-column-62d43886\"><div class=\"kb-column-content\">\n<p><strong>Translation<\/strong>:<br>[1] In the same way, the following are present for the estate<br>[2] and 2\/3 of acquests<br>[3] 1. Georg Geiger 22<br>[4] 2. Michel who [is] 21 years old<br>[5] and<br>[6] 3. Andres Geiger approx. 14<br>[7] and<br>[8] 4. Katarina Geiger who [is] 8<br>[9] [the property of] the mother and one third of the acquests<br>[10] also inherit these 4 heirs, for whom<br>[11] Michel Frion, citizen of Nieder-<br>[12] soultzbach presents himself as guardian and guarantor<br>[13] of the goods received to manage<br>[14] pledges his own property<\/p>\n<\/div><\/div><\/div>\n<\/div>\n\n\n\n<div class=\"wp-block-kenta-blocks-paragraph kb-paragraph kb-paragraph-8f4ca35b\"><p class=\"\"><strong>Thanks to my skills in German paleography, I can provide you with valuable information to advance or complete your genealogy or family history.<\/strong> <\/p><\/div>\n\n\n\n<div class=\"wp-block-buttons is-content-justification-center is-layout-flex wp-container-core-buttons-is-layout-a89b3969 wp-block-buttons-is-layout-flex\">\n<div class=\"wp-block-button\"><a class=\"wp-block-button__link wp-element-button\" href=\"http:\/\/www.geyer-genealogie.com\/uk\/index.php\/contact\/\">Contact me<\/a><\/div>\n<\/div>\n","protected":false},"excerpt":{"rendered":"","protected":false},"author":1,"featured_media":0,"parent":0,"menu_order":0,"comment_status":"closed","ping_status":"closed","template":"","meta":{"site-container-style":"default","site-container-layout":"default","site-sidebar-layout":"default","site-transparent-header":"default","prose-style":"enable","disable-article-header":"default","disable-site-header":"default","disable-site-footer":"default","disable-content-area-spacing":"default","footnotes":""},"class_list":["post-63","page","type-page","status-publish","hentry"],"yoast_head":"<!-- This site is optimized with the Yoast SEO plugin v22.3 - https:\/\/yoast.com\/wordpress\/plugins\/seo\/ -->\n<title>Making an ancient text speak - Geyer G\u00e9n\u00e9alogie<\/title>\n<meta name=\"robots\" content=\"index, follow, max-snippet:-1, max-image-preview:large, max-video-preview:-1\" \/>\n<link rel=\"canonical\" href=\"https:\/\/www.geyer-genealogie.com\/uk\/index.php\/making-an-ancient-text-speak\/\" \/>\n<meta property=\"og:locale\" content=\"en_US\" \/>\n<meta property=\"og:type\" content=\"article\" \/>\n<meta property=\"og:title\" content=\"Making an ancient text speak - Geyer G\u00e9n\u00e9alogie\" \/>\n<meta property=\"og:url\" content=\"https:\/\/www.geyer-genealogie.com\/uk\/index.php\/making-an-ancient-text-speak\/\" \/>\n<meta property=\"og:site_name\" content=\"Geyer G\u00e9n\u00e9alogie\" \/>\n<meta property=\"article:modified_time\" content=\"2023-12-13T11:25:13+00:00\" \/>\n<meta property=\"og:image\" content=\"http:\/\/www.geyer-genealogie.fr\/wp-content\/uploads\/2023\/09\/extrait-acte-de-naissance-shadow.png\" \/>\n<meta name=\"twitter:card\" content=\"summary_large_image\" \/>\n<meta name=\"twitter:label1\" content=\"Est. reading time\" \/>\n\t<meta name=\"twitter:data1\" content=\"3 minutes\" \/>\n<script type=\"application\/ld+json\" class=\"yoast-schema-graph\">{\"@context\":\"https:\/\/schema.org\",\"@graph\":[{\"@type\":\"WebPage\",\"@id\":\"https:\/\/www.geyer-genealogie.com\/uk\/index.php\/making-an-ancient-text-speak\/\",\"url\":\"https:\/\/www.geyer-genealogie.com\/uk\/index.php\/making-an-ancient-text-speak\/\",\"name\":\"Making an ancient text speak - Geyer G\u00e9n\u00e9alogie\",\"isPartOf\":{\"@id\":\"https:\/\/www.geyer-genealogie.com\/uk\/#website\"},\"primaryImageOfPage\":{\"@id\":\"https:\/\/www.geyer-genealogie.com\/uk\/index.php\/making-an-ancient-text-speak\/#primaryimage\"},\"image\":{\"@id\":\"https:\/\/www.geyer-genealogie.com\/uk\/index.php\/making-an-ancient-text-speak\/#primaryimage\"},\"thumbnailUrl\":\"http:\/\/www.geyer-genealogie.fr\/wp-content\/uploads\/2023\/09\/extrait-acte-de-naissance-shadow.png\",\"datePublished\":\"2023-10-03T12:42:17+00:00\",\"dateModified\":\"2023-12-13T11:25:13+00:00\",\"inLanguage\":\"en-US\",\"potentialAction\":[{\"@type\":\"ReadAction\",\"target\":[\"https:\/\/www.geyer-genealogie.com\/uk\/index.php\/making-an-ancient-text-speak\/\"]}]},{\"@type\":\"ImageObject\",\"inLanguage\":\"en-US\",\"@id\":\"https:\/\/www.geyer-genealogie.com\/uk\/index.php\/making-an-ancient-text-speak\/#primaryimage\",\"url\":\"http:\/\/www.geyer-genealogie.fr\/wp-content\/uploads\/2023\/09\/extrait-acte-de-naissance-shadow.png\",\"contentUrl\":\"http:\/\/www.geyer-genealogie.fr\/wp-content\/uploads\/2023\/09\/extrait-acte-de-naissance-shadow.png\"},{\"@type\":\"WebSite\",\"@id\":\"https:\/\/www.geyer-genealogie.com\/uk\/#website\",\"url\":\"https:\/\/www.geyer-genealogie.com\/uk\/\",\"name\":\"Geyer G\u00e9n\u00e9alogie\",\"description\":\"Genealogy in Alsace-Lorraine and France\",\"potentialAction\":[{\"@type\":\"SearchAction\",\"target\":{\"@type\":\"EntryPoint\",\"urlTemplate\":\"https:\/\/www.geyer-genealogie.com\/uk\/?s={search_term_string}\"},\"query-input\":\"required name=search_term_string\"}],\"inLanguage\":\"en-US\"}]}<\/script>\n<!-- \/ Yoast SEO plugin. -->","yoast_head_json":{"title":"Making an ancient text speak - Geyer G\u00e9n\u00e9alogie","robots":{"index":"index","follow":"follow","max-snippet":"max-snippet:-1","max-image-preview":"max-image-preview:large","max-video-preview":"max-video-preview:-1"},"canonical":"https:\/\/www.geyer-genealogie.com\/uk\/index.php\/making-an-ancient-text-speak\/","og_locale":"en_US","og_type":"article","og_title":"Making an ancient text speak - Geyer G\u00e9n\u00e9alogie","og_url":"https:\/\/www.geyer-genealogie.com\/uk\/index.php\/making-an-ancient-text-speak\/","og_site_name":"Geyer G\u00e9n\u00e9alogie","article_modified_time":"2023-12-13T11:25:13+00:00","og_image":[{"url":"http:\/\/www.geyer-genealogie.fr\/wp-content\/uploads\/2023\/09\/extrait-acte-de-naissance-shadow.png"}],"twitter_card":"summary_large_image","twitter_misc":{"Est. reading time":"3 minutes"},"schema":{"@context":"https:\/\/schema.org","@graph":[{"@type":"WebPage","@id":"https:\/\/www.geyer-genealogie.com\/uk\/index.php\/making-an-ancient-text-speak\/","url":"https:\/\/www.geyer-genealogie.com\/uk\/index.php\/making-an-ancient-text-speak\/","name":"Making an ancient text speak - Geyer G\u00e9n\u00e9alogie","isPartOf":{"@id":"https:\/\/www.geyer-genealogie.com\/uk\/#website"},"primaryImageOfPage":{"@id":"https:\/\/www.geyer-genealogie.com\/uk\/index.php\/making-an-ancient-text-speak\/#primaryimage"},"image":{"@id":"https:\/\/www.geyer-genealogie.com\/uk\/index.php\/making-an-ancient-text-speak\/#primaryimage"},"thumbnailUrl":"http:\/\/www.geyer-genealogie.fr\/wp-content\/uploads\/2023\/09\/extrait-acte-de-naissance-shadow.png","datePublished":"2023-10-03T12:42:17+00:00","dateModified":"2023-12-13T11:25:13+00:00","inLanguage":"en-US","potentialAction":[{"@type":"ReadAction","target":["https:\/\/www.geyer-genealogie.com\/uk\/index.php\/making-an-ancient-text-speak\/"]}]},{"@type":"ImageObject","inLanguage":"en-US","@id":"https:\/\/www.geyer-genealogie.com\/uk\/index.php\/making-an-ancient-text-speak\/#primaryimage","url":"http:\/\/www.geyer-genealogie.fr\/wp-content\/uploads\/2023\/09\/extrait-acte-de-naissance-shadow.png","contentUrl":"http:\/\/www.geyer-genealogie.fr\/wp-content\/uploads\/2023\/09\/extrait-acte-de-naissance-shadow.png"},{"@type":"WebSite","@id":"https:\/\/www.geyer-genealogie.com\/uk\/#website","url":"https:\/\/www.geyer-genealogie.com\/uk\/","name":"Geyer G\u00e9n\u00e9alogie","description":"Genealogy in Alsace-Lorraine and France","potentialAction":[{"@type":"SearchAction","target":{"@type":"EntryPoint","urlTemplate":"https:\/\/www.geyer-genealogie.com\/uk\/?s={search_term_string}"},"query-input":"required name=search_term_string"}],"inLanguage":"en-US"}]}},"_links":{"self":[{"href":"https:\/\/www.geyer-genealogie.com\/uk\/index.php\/wp-json\/wp\/v2\/pages\/63","targetHints":{"allow":["GET"]}}],"collection":[{"href":"https:\/\/www.geyer-genealogie.com\/uk\/index.php\/wp-json\/wp\/v2\/pages"}],"about":[{"href":"https:\/\/www.geyer-genealogie.com\/uk\/index.php\/wp-json\/wp\/v2\/types\/page"}],"author":[{"embeddable":true,"href":"https:\/\/www.geyer-genealogie.com\/uk\/index.php\/wp-json\/wp\/v2\/users\/1"}],"replies":[{"embeddable":true,"href":"https:\/\/www.geyer-genealogie.com\/uk\/index.php\/wp-json\/wp\/v2\/comments?post=63"}],"version-history":[{"count":5,"href":"https:\/\/www.geyer-genealogie.com\/uk\/index.php\/wp-json\/wp\/v2\/pages\/63\/revisions"}],"predecessor-version":[{"id":159,"href":"https:\/\/www.geyer-genealogie.com\/uk\/index.php\/wp-json\/wp\/v2\/pages\/63\/revisions\/159"}],"wp:attachment":[{"href":"https:\/\/www.geyer-genealogie.com\/uk\/index.php\/wp-json\/wp\/v2\/media?parent=63"}],"curies":[{"name":"wp","href":"https:\/\/api.w.org\/{rel}","templated":true}]}}